{"id":10054,"date":"2021-01-18T14:03:55","date_gmt":"2021-01-18T13:03:55","guid":{"rendered":"https:\/\/infoshareacademy.com\/blog\/?page_id=10054"},"modified":"2023-11-02T13:24:56","modified_gmt":"2023-11-02T12:24:56","slug":"data-science","status":"publish","type":"page","link":"https:\/\/infoshareacademy.com\/blog\/data-science\/","title":{"rendered":"Kariera w Data Science"},"content":{"rendered":"","protected":false},"excerpt":{"rendered":"","protected":false},"author":1,"featured_media":0,"parent":0,"menu_order":0,"comment_status":"closed","ping_status":"closed","template":"","meta":{"footnotes":""},"class_list":["post-10054","page","type-page","status-publish","hentry"],"yoast_head":"<!-- This site is optimized with the Yoast SEO plugin v20.7 - https:\/\/yoast.com\/wordpress\/plugins\/seo\/ -->\n<title>Kariera w Data Science - infoShare Academy Blog<\/title>\n<meta name=\"description\" content=\"Naucz si\u0119 programowa\u0107 z najlepszymi trenerami w Polsce. Zosta\u0144 Data Scientist i zdob\u0105d\u017a jeden z najlepszych zawod\u00f3w w IT!\" \/>\n<meta name=\"robots\" content=\"index, follow, max-snippet:-1, max-image-preview:large, max-video-preview:-1\" \/>\n<link rel=\"canonical\" href=\"https:\/\/infoshareacademy.com\/blog\/data-science\/\" \/>\n<meta property=\"og:locale\" content=\"pl_PL\" \/>\n<meta property=\"og:type\" content=\"article\" \/>\n<meta property=\"og:title\" content=\"Kariera w Data Science - infoShare Academy Blog\" \/>\n<meta property=\"og:description\" content=\"Naucz si\u0119 programowa\u0107 z najlepszymi trenerami w Polsce. Zosta\u0144 Data Scientist i zdob\u0105d\u017a jeden z najlepszych zawod\u00f3w w IT!\" \/>\n<meta property=\"og:url\" content=\"https:\/\/infoshareacademy.com\/blog\/data-science\/\" \/>\n<meta property=\"og:site_name\" content=\"infoShare Academy Blog\" \/>\n<meta property=\"article:publisher\" content=\"https:\/\/www.facebook.com\/infoshareacademy\" \/>\n<meta property=\"article:modified_time\" content=\"2023-11-02T12:24:56+00:00\" \/>\n<meta name=\"twitter:card\" content=\"summary_large_image\" \/>\n<script type=\"application\/ld+json\" class=\"yoast-schema-graph\">{\"@context\":\"https:\/\/schema.org\",\"@graph\":[{\"@type\":\"WebPage\",\"@id\":\"https:\/\/infoshareacademy.com\/blog\/data-science\/\",\"url\":\"https:\/\/infoshareacademy.com\/blog\/data-science\/\",\"name\":\"Kariera w Data Science - infoShare Academy Blog\",\"isPartOf\":{\"@id\":\"https:\/\/infoshareacademy.com\/blog\/#website\"},\"datePublished\":\"2021-01-18T13:03:55+00:00\",\"dateModified\":\"2023-11-02T12:24:56+00:00\",\"description\":\"Naucz si\u0119 programowa\u0107 z najlepszymi trenerami w Polsce. Zosta\u0144 Data Scientist i zdob\u0105d\u017a jeden z najlepszych zawod\u00f3w w IT!\",\"breadcrumb\":{\"@id\":\"https:\/\/infoshareacademy.com\/blog\/data-science\/#breadcrumb\"},\"inLanguage\":\"pl-PL\",\"potentialAction\":[{\"@type\":\"ReadAction\",\"target\":[\"https:\/\/infoshareacademy.com\/blog\/data-science\/\"]}]},{\"@type\":\"BreadcrumbList\",\"@id\":\"https:\/\/infoshareacademy.com\/blog\/data-science\/#breadcrumb\",\"itemListElement\":[{\"@type\":\"ListItem\",\"position\":1,\"name\":\"Strona g\u0142\u00f3wna\",\"item\":\"https:\/\/infoshareacademy.com\/blog\/\"},{\"@type\":\"ListItem\",\"position\":2,\"name\":\"Kariera w Data Science\"}]},{\"@type\":\"WebSite\",\"@id\":\"https:\/\/infoshareacademy.com\/blog\/#website\",\"url\":\"https:\/\/infoshareacademy.com\/blog\/\",\"name\":\"infoShare Academy Blog\",\"description\":\"Strona o szkoleniach w IT\",\"publisher\":{\"@id\":\"https:\/\/infoshareacademy.com\/blog\/#organization\"},\"potentialAction\":[{\"@type\":\"SearchAction\",\"target\":{\"@type\":\"EntryPoint\",\"urlTemplate\":\"https:\/\/infoshareacademy.com\/blog\/?s={search_term_string}\"},\"query-input\":\"required name=search_term_string\"}],\"inLanguage\":\"pl-PL\"},{\"@type\":\"Organization\",\"@id\":\"https:\/\/infoshareacademy.com\/blog\/#organization\",\"name\":\"infoShare Academy\",\"url\":\"https:\/\/infoshareacademy.com\/blog\/\",\"logo\":{\"@type\":\"ImageObject\",\"inLanguage\":\"pl-PL\",\"@id\":\"https:\/\/infoshareacademy.com\/blog\/#\/schema\/logo\/image\/\",\"url\":\"https:\/\/infoshareacademy.com\/blog\/wp-content\/uploads\/2022\/11\/infoShare-Academy-ver-white-with-background-1000x1000px.jpg\",\"contentUrl\":\"https:\/\/infoshareacademy.com\/blog\/wp-content\/uploads\/2022\/11\/infoShare-Academy-ver-white-with-background-1000x1000px.jpg\",\"width\":1000,\"height\":1000,\"caption\":\"infoShare Academy\"},\"image\":{\"@id\":\"https:\/\/infoshareacademy.com\/blog\/#\/schema\/logo\/image\/\"},\"sameAs\":[\"https:\/\/www.facebook.com\/infoshareacademy\"]}]}<\/script>\n<!-- \/ Yoast SEO plugin. -->","yoast_head_json":{"title":"Kariera w Data Science - infoShare Academy Blog","description":"Naucz si\u0119 programowa\u0107 z najlepszymi trenerami w Polsce. Zosta\u0144 Data Scientist i zdob\u0105d\u017a jeden z najlepszych zawod\u00f3w w IT!","robots":{"index":"index","follow":"follow","max-snippet":"max-snippet:-1","max-image-preview":"max-image-preview:large","max-video-preview":"max-video-preview:-1"},"canonical":"https:\/\/infoshareacademy.com\/blog\/data-science\/","og_locale":"pl_PL","og_type":"article","og_title":"Kariera w Data Science - infoShare Academy Blog","og_description":"Naucz si\u0119 programowa\u0107 z najlepszymi trenerami w Polsce. Zosta\u0144 Data Scientist i zdob\u0105d\u017a jeden z najlepszych zawod\u00f3w w IT!","og_url":"https:\/\/infoshareacademy.com\/blog\/data-science\/","og_site_name":"infoShare Academy Blog","article_publisher":"https:\/\/www.facebook.com\/infoshareacademy","article_modified_time":"2023-11-02T12:24:56+00:00","twitter_card":"summary_large_image","schema":{"@context":"https:\/\/schema.org","@graph":[{"@type":"WebPage","@id":"https:\/\/infoshareacademy.com\/blog\/data-science\/","url":"https:\/\/infoshareacademy.com\/blog\/data-science\/","name":"Kariera w Data Science - infoShare Academy Blog","isPartOf":{"@id":"https:\/\/infoshareacademy.com\/blog\/#website"},"datePublished":"2021-01-18T13:03:55+00:00","dateModified":"2023-11-02T12:24:56+00:00","description":"Naucz si\u0119 programowa\u0107 z najlepszymi trenerami w Polsce. Zosta\u0144 Data Scientist i zdob\u0105d\u017a jeden z najlepszych zawod\u00f3w w IT!","breadcrumb":{"@id":"https:\/\/infoshareacademy.com\/blog\/data-science\/#breadcrumb"},"inLanguage":"pl-PL","potentialAction":[{"@type":"ReadAction","target":["https:\/\/infoshareacademy.com\/blog\/data-science\/"]}]},{"@type":"BreadcrumbList","@id":"https:\/\/infoshareacademy.com\/blog\/data-science\/#breadcrumb","itemListElement":[{"@type":"ListItem","position":1,"name":"Strona g\u0142\u00f3wna","item":"https:\/\/infoshareacademy.com\/blog\/"},{"@type":"ListItem","position":2,"name":"Kariera w Data Science"}]},{"@type":"WebSite","@id":"https:\/\/infoshareacademy.com\/blog\/#website","url":"https:\/\/infoshareacademy.com\/blog\/","name":"infoShare Academy Blog","description":"Strona o szkoleniach w IT","publisher":{"@id":"https:\/\/infoshareacademy.com\/blog\/#organization"},"potentialAction":[{"@type":"SearchAction","target":{"@type":"EntryPoint","urlTemplate":"https:\/\/infoshareacademy.com\/blog\/?s={search_term_string}"},"query-input":"required name=search_term_string"}],"inLanguage":"pl-PL"},{"@type":"Organization","@id":"https:\/\/infoshareacademy.com\/blog\/#organization","name":"infoShare Academy","url":"https:\/\/infoshareacademy.com\/blog\/","logo":{"@type":"ImageObject","inLanguage":"pl-PL","@id":"https:\/\/infoshareacademy.com\/blog\/#\/schema\/logo\/image\/","url":"https:\/\/infoshareacademy.com\/blog\/wp-content\/uploads\/2022\/11\/infoShare-Academy-ver-white-with-background-1000x1000px.jpg","contentUrl":"https:\/\/infoshareacademy.com\/blog\/wp-content\/uploads\/2022\/11\/infoShare-Academy-ver-white-with-background-1000x1000px.jpg","width":1000,"height":1000,"caption":"infoShare Academy"},"image":{"@id":"https:\/\/infoshareacademy.com\/blog\/#\/schema\/logo\/image\/"},"sameAs":["https:\/\/www.facebook.com\/infoshareacademy"]}]}},"_links":{"self":[{"href":"https:\/\/infoshareacademy.com\/blog\/wp-json\/wp\/v2\/pages\/10054","targetHints":{"allow":["GET"]}}],"collection":[{"href":"https:\/\/infoshareacademy.com\/blog\/wp-json\/wp\/v2\/pages"}],"about":[{"href":"https:\/\/infoshareacademy.com\/blog\/wp-json\/wp\/v2\/types\/page"}],"author":[{"embeddable":true,"href":"https:\/\/infoshareacademy.com\/blog\/wp-json\/wp\/v2\/users\/1"}],"replies":[{"embeddable":true,"href":"https:\/\/infoshareacademy.com\/blog\/wp-json\/wp\/v2\/comments?post=10054"}],"version-history":[{"count":2,"href":"https:\/\/infoshareacademy.com\/blog\/wp-json\/wp\/v2\/pages\/10054\/revisions"}],"predecessor-version":[{"id":10056,"href":"https:\/\/infoshareacademy.com\/blog\/wp-json\/wp\/v2\/pages\/10054\/revisions\/10056"}],"wp:attachment":[{"href":"https:\/\/infoshareacademy.com\/blog\/wp-json\/wp\/v2\/media?parent=10054"}],"curies":[{"name":"wp","href":"https:\/\/api.w.org\/{rel}","templated":true}]}}